{"id":10018,"date":"2026-05-15T09:57:17","date_gmt":"2026-05-15T14:57:17","guid":{"rendered":"https:\/\/rohanlawpc.com\/?page_id=10018"},"modified":"2026-05-15T10:03:36","modified_gmt":"2026-05-15T15:03:36","slug":"david-schaefer","status":"publish","type":"page","link":"https:\/\/rohanlawpc.com\/es\/david-schaefer\/","title":{"rendered":"David Schaefer"},"content":{"rendered":"\n<p>Conoce al Abogado David Schaefer<\/p>\n","protected":false},"excerpt":{"rendered":"<p>David aporta a Rohan Law d\u00e9cadas de experiencia en organizaciones sin fines de lucro, asuntos gubernamentales y derecho. Criado en Georgia, creci\u00f3 en una familia argentino-estadounidense y se gradu\u00f3 de la Facultad de Derecho de la Universidad de Georgia en 2006. Habla espa\u00f1ol e ingl\u00e9s con fluidez y domina otros idiomas. David se esfuerza por ayudar a sus clientes a construir un futuro mejor, brindando apoyo a personas que se han visto perjudicadas por sistemas insensibles.<\/p>\n","protected":false},"author":1,"featured_media":10028,"parent":0,"menu_order":0,"comment_status":"closed","ping_status":"closed","template":"","meta":{"footnotes":""},"class_list":["post-10018","page","type-page","status-publish","has-post-thumbnail","hentry"],"_links":{"self":[{"href":"https:\/\/rohanlawpc.com\/es\/wp-json\/wp\/v2\/pages\/10018","targetHints":{"allow":["GET"]}}],"collection":[{"href":"https:\/\/rohanlawpc.com\/es\/wp-json\/wp\/v2\/pages"}],"about":[{"href":"https:\/\/rohanlawpc.com\/es\/wp-json\/wp\/v2\/types\/page"}],"author":[{"embeddable":true,"href":"https:\/\/rohanlawpc.com\/es\/wp-json\/wp\/v2\/users\/1"}],"replies":[{"embeddable":true,"href":"https:\/\/rohanlawpc.com\/es\/wp-json\/wp\/v2\/comments?post=10018"}],"version-history":[{"count":3,"href":"https:\/\/rohanlawpc.com\/es\/wp-json\/wp\/v2\/pages\/10018\/revisions"}],"predecessor-version":[{"id":10054,"href":"https:\/\/rohanlawpc.com\/es\/wp-json\/wp\/v2\/pages\/10018\/revisions\/10054"}],"wp:featuredmedia":[{"embeddable":true,"href":"https:\/\/rohanlawpc.com\/es\/wp-json\/wp\/v2\/media\/10028"}],"wp:attachment":[{"href":"https:\/\/rohanlawpc.com\/es\/wp-json\/wp\/v2\/media?parent=10018"}],"curies":[{"name":"wp","href":"https:\/\/api.w.org\/{rel}","templated":true}]}}