{"id":1047,"date":"2021-07-28T11:58:41","date_gmt":"2021-07-28T16:58:41","guid":{"rendered":"https:\/\/rohanlawpc.com\/?page_id=1047"},"modified":"2022-06-23T15:09:10","modified_gmt":"2022-06-23T20:09:10","slug":"victima-de-un-crimen","status":"publish","type":"page","link":"https:\/\/rohanlawpc.com\/es\/victima-de-un-crimen\/","title":{"rendered":"V\u00edctima De Un Crimen"},"content":{"rendered":"\n<p>Si fuiste V\u00edctima De Un Crimen aqu\u00ed encontrar\u00e1s todo lo que necesitas saber de leyes y de como proceder <\/p>\n","protected":false},"excerpt":{"rendered":"<p>Si fuiste V\u00edctima De Un Crimen aqu\u00ed encontrar\u00e1s todo lo que necesitas saber de leyes y de como proceder<\/p>\n","protected":false},"author":1,"featured_media":0,"parent":0,"menu_order":0,"comment_status":"closed","ping_status":"closed","template":"","meta":{"footnotes":""},"class_list":["post-1047","page","type-page","status-publish","hentry"],"_links":{"self":[{"href":"https:\/\/rohanlawpc.com\/es\/wp-json\/wp\/v2\/pages\/1047","targetHints":{"allow":["GET"]}}],"collection":[{"href":"https:\/\/rohanlawpc.com\/es\/wp-json\/wp\/v2\/pages"}],"about":[{"href":"https:\/\/rohanlawpc.com\/es\/wp-json\/wp\/v2\/types\/page"}],"author":[{"embeddable":true,"href":"https:\/\/rohanlawpc.com\/es\/wp-json\/wp\/v2\/users\/1"}],"replies":[{"embeddable":true,"href":"https:\/\/rohanlawpc.com\/es\/wp-json\/wp\/v2\/comments?post=1047"}],"version-history":[{"count":2,"href":"https:\/\/rohanlawpc.com\/es\/wp-json\/wp\/v2\/pages\/1047\/revisions"}],"predecessor-version":[{"id":2382,"href":"https:\/\/rohanlawpc.com\/es\/wp-json\/wp\/v2\/pages\/1047\/revisions\/2382"}],"wp:attachment":[{"href":"https:\/\/rohanlawpc.com\/es\/wp-json\/wp\/v2\/media?parent=1047"}],"curies":[{"name":"wp","href":"https:\/\/api.w.org\/{rel}","templated":true}]}}