{"id":1195,"date":"2021-08-18T17:05:31","date_gmt":"2021-08-18T22:05:31","guid":{"rendered":"https:\/\/rohanlawpc.com\/?page_id=1195"},"modified":"2022-11-15T19:58:05","modified_gmt":"2022-11-16T00:58:05","slug":"abogado-lesiones-catastroficas","status":"publish","type":"page","link":"https:\/\/rohanlawpc.com\/es\/abogado-lesiones-catastroficas\/","title":{"rendered":"Abogado de accidentes catastroficos"},"content":{"rendered":"\n<p>Conoce todo sobre las leyes de lesiones personales en las que se involucran Resbalones y Ca\u00eddas<\/p>\n","protected":false},"excerpt":{"rendered":"<p>Si t\u00fa o un ser querido han sufrido lesiones extensas, como la p\u00e9rdida de extremidades, una lesi\u00f3n cerebral, o si un ser querido ha perdido la vida, necesitas un abogado de lesiones personales del equipo de Abogados Rohan a tu lado.<\/p>\n","protected":false},"author":1,"featured_media":4763,"parent":0,"menu_order":0,"comment_status":"closed","ping_status":"closed","template":"","meta":{"footnotes":""},"class_list":["post-1195","page","type-page","status-publish","has-post-thumbnail","hentry"],"_links":{"self":[{"href":"https:\/\/rohanlawpc.com\/es\/wp-json\/wp\/v2\/pages\/1195","targetHints":{"allow":["GET"]}}],"collection":[{"href":"https:\/\/rohanlawpc.com\/es\/wp-json\/wp\/v2\/pages"}],"about":[{"href":"https:\/\/rohanlawpc.com\/es\/wp-json\/wp\/v2\/types\/page"}],"author":[{"embeddable":true,"href":"https:\/\/rohanlawpc.com\/es\/wp-json\/wp\/v2\/users\/1"}],"replies":[{"embeddable":true,"href":"https:\/\/rohanlawpc.com\/es\/wp-json\/wp\/v2\/comments?post=1195"}],"version-history":[{"count":4,"href":"https:\/\/rohanlawpc.com\/es\/wp-json\/wp\/v2\/pages\/1195\/revisions"}],"predecessor-version":[{"id":4765,"href":"https:\/\/rohanlawpc.com\/es\/wp-json\/wp\/v2\/pages\/1195\/revisions\/4765"}],"wp:featuredmedia":[{"embeddable":true,"href":"https:\/\/rohanlawpc.com\/es\/wp-json\/wp\/v2\/media\/4763"}],"wp:attachment":[{"href":"https:\/\/rohanlawpc.com\/es\/wp-json\/wp\/v2\/media?parent=1195"}],"curies":[{"name":"wp","href":"https:\/\/api.w.org\/{rel}","templated":true}]}}