{"id":4481,"date":"2022-09-20T10:49:42","date_gmt":"2022-09-20T15:49:42","guid":{"rendered":"https:\/\/rohanlawpc.com\/?page_id=4481"},"modified":"2024-01-31T09:54:59","modified_gmt":"2024-01-31T14:54:59","slug":"kevin-schumaker","status":"publish","type":"page","link":"https:\/\/rohanlawpc.com\/es\/kevin-schumaker\/","title":{"rendered":"Kevin Schumaker"},"content":{"rendered":"\n<p>Conoce al Abogado Kevin Schumaker<\/p>\n","protected":false},"excerpt":{"rendered":"<p>Kevin Schumaker ha practicado el derecho penal durante m\u00e1s de veinte a\u00f1os. Nacido en Wisconsin y criado en Iowa, Kevin se gradu\u00f3 de la Facultad de Derecho de la Universidad de Washburn en Kansas en 1998. Mientras estuvo en Kansas, se desempe\u00f1\u00f3 como Asistente del Defensor P\u00fablico y luego como Asistente del Fiscal General.<\/p>\n","protected":false},"author":1,"featured_media":4493,"parent":0,"menu_order":0,"comment_status":"closed","ping_status":"closed","template":"","meta":{"footnotes":""},"class_list":["post-4481","page","type-page","status-publish","has-post-thumbnail","hentry"],"_links":{"self":[{"href":"https:\/\/rohanlawpc.com\/es\/wp-json\/wp\/v2\/pages\/4481","targetHints":{"allow":["GET"]}}],"collection":[{"href":"https:\/\/rohanlawpc.com\/es\/wp-json\/wp\/v2\/pages"}],"about":[{"href":"https:\/\/rohanlawpc.com\/es\/wp-json\/wp\/v2\/types\/page"}],"author":[{"embeddable":true,"href":"https:\/\/rohanlawpc.com\/es\/wp-json\/wp\/v2\/users\/1"}],"replies":[{"embeddable":true,"href":"https:\/\/rohanlawpc.com\/es\/wp-json\/wp\/v2\/comments?post=4481"}],"version-history":[{"count":4,"href":"https:\/\/rohanlawpc.com\/es\/wp-json\/wp\/v2\/pages\/4481\/revisions"}],"predecessor-version":[{"id":6724,"href":"https:\/\/rohanlawpc.com\/es\/wp-json\/wp\/v2\/pages\/4481\/revisions\/6724"}],"wp:featuredmedia":[{"embeddable":true,"href":"https:\/\/rohanlawpc.com\/es\/wp-json\/wp\/v2\/media\/4493"}],"wp:attachment":[{"href":"https:\/\/rohanlawpc.com\/es\/wp-json\/wp\/v2\/media?parent=4481"}],"curies":[{"name":"wp","href":"https:\/\/api.w.org\/{rel}","templated":true}]}}