{"id":5479,"date":"2023-03-14T15:37:45","date_gmt":"2023-03-14T20:37:45","guid":{"rendered":"https:\/\/rohanlawpc.com\/?page_id=5479"},"modified":"2023-03-14T16:16:38","modified_gmt":"2023-03-14T21:16:38","slug":"davis-kimball","status":"publish","type":"page","link":"https:\/\/rohanlawpc.com\/es\/davis-kimball\/","title":{"rendered":"Davis Kimball"},"content":{"rendered":"\n<p>Conoce al Abogado Davis Kimball<\/p>\n\n\n\n<p><\/p>\n","protected":false},"excerpt":{"rendered":"<p>Davis Kimball naci\u00f3 y creci\u00f3 en Covington, Georgia. Davis se uni\u00f3 al departamento de Compensaci\u00f3n al Trabajador de Rohan Law en 2023. Obtuvo su t\u00edtulo universitario de la Universidad de Samford en 2016. Luego se gradu\u00f3 de la facultad de derecho de la Universidad de Georgia en 2019. Es fan\u00e1tico de los Georgia Bulldogs de toda la vida y ha publicado numerosos art\u00edculos en los que escribe sobre los equipos de f\u00fatbol y baloncesto de la Universidad de Georgia. Fuera de la profesi\u00f3n legal, disfruta jugar softball recreativo, hacer ejercicio y pasar tiempo con su familia.<\/p>\n","protected":false},"author":9,"featured_media":4493,"parent":0,"menu_order":0,"comment_status":"closed","ping_status":"closed","template":"","meta":{"footnotes":""},"class_list":["post-5479","page","type-page","status-publish","has-post-thumbnail","hentry"],"_links":{"self":[{"href":"https:\/\/rohanlawpc.com\/es\/wp-json\/wp\/v2\/pages\/5479","targetHints":{"allow":["GET"]}}],"collection":[{"href":"https:\/\/rohanlawpc.com\/es\/wp-json\/wp\/v2\/pages"}],"about":[{"href":"https:\/\/rohanlawpc.com\/es\/wp-json\/wp\/v2\/types\/page"}],"author":[{"embeddable":true,"href":"https:\/\/rohanlawpc.com\/es\/wp-json\/wp\/v2\/users\/9"}],"replies":[{"embeddable":true,"href":"https:\/\/rohanlawpc.com\/es\/wp-json\/wp\/v2\/comments?post=5479"}],"version-history":[{"count":3,"href":"https:\/\/rohanlawpc.com\/es\/wp-json\/wp\/v2\/pages\/5479\/revisions"}],"predecessor-version":[{"id":5497,"href":"https:\/\/rohanlawpc.com\/es\/wp-json\/wp\/v2\/pages\/5479\/revisions\/5497"}],"wp:featuredmedia":[{"embeddable":true,"href":"https:\/\/rohanlawpc.com\/es\/wp-json\/wp\/v2\/media\/4493"}],"wp:attachment":[{"href":"https:\/\/rohanlawpc.com\/es\/wp-json\/wp\/v2\/media?parent=5479"}],"curies":[{"name":"wp","href":"https:\/\/api.w.org\/{rel}","templated":true}]}}