{"id":6082,"date":"2023-08-02T16:35:53","date_gmt":"2023-08-02T21:35:53","guid":{"rendered":"https:\/\/rohanlawpc.com\/?page_id=6082"},"modified":"2023-08-03T10:19:57","modified_gmt":"2023-08-03T15:19:57","slug":"como-cambiar-tu-dia-de-corte","status":"publish","type":"page","link":"https:\/\/rohanlawpc.com\/es\/como-cambiar-tu-dia-de-corte\/","title":{"rendered":"\u00bfC\u00f3mo cambiar la fecha de tu d\u00eda de corte?"},"content":{"rendered":"","protected":false},"excerpt":{"rendered":"<p>El d\u00eda de la corte es una fecha muy importante a tener en cuenta. Sin embargo, puedes reprogramarla cuando sea necesario. Mira este video para aprender como hacerlo.<\/p>\n","protected":false},"author":1,"featured_media":0,"parent":0,"menu_order":0,"comment_status":"closed","ping_status":"closed","template":"","meta":{"footnotes":""},"class_list":["post-6082","page","type-page","status-publish","hentry"],"_links":{"self":[{"href":"https:\/\/rohanlawpc.com\/es\/wp-json\/wp\/v2\/pages\/6082","targetHints":{"allow":["GET"]}}],"collection":[{"href":"https:\/\/rohanlawpc.com\/es\/wp-json\/wp\/v2\/pages"}],"about":[{"href":"https:\/\/rohanlawpc.com\/es\/wp-json\/wp\/v2\/types\/page"}],"author":[{"embeddable":true,"href":"https:\/\/rohanlawpc.com\/es\/wp-json\/wp\/v2\/users\/1"}],"replies":[{"embeddable":true,"href":"https:\/\/rohanlawpc.com\/es\/wp-json\/wp\/v2\/comments?post=6082"}],"version-history":[{"count":3,"href":"https:\/\/rohanlawpc.com\/es\/wp-json\/wp\/v2\/pages\/6082\/revisions"}],"predecessor-version":[{"id":6093,"href":"https:\/\/rohanlawpc.com\/es\/wp-json\/wp\/v2\/pages\/6082\/revisions\/6093"}],"wp:attachment":[{"href":"https:\/\/rohanlawpc.com\/es\/wp-json\/wp\/v2\/media?parent=6082"}],"curies":[{"name":"wp","href":"https:\/\/api.w.org\/{rel}","templated":true}]}}