{"id":6730,"date":"2024-01-31T13:05:47","date_gmt":"2024-01-31T18:05:47","guid":{"rendered":"https:\/\/rohanlawpc.com\/?page_id=6730"},"modified":"2024-01-31T13:16:12","modified_gmt":"2024-01-31T18:16:12","slug":"estibaliz-afanador-abogada","status":"publish","type":"page","link":"https:\/\/rohanlawpc.com\/es\/estibaliz-afanador-abogada\/","title":{"rendered":"Estibaliz Afanador"},"content":{"rendered":"\n<p>Conoce a la Abogada Estibaliz Afanador<\/p>\n","protected":false},"excerpt":{"rendered":"<p>Morgan Carroll ha practicado la abogac\u00eda de compensaci\u00f3n por accidentes  laborales durante m\u00e1s de 24 a\u00f1os. Obtuvo una licenciatura en Justicia Penal en la Universidad Estatal de Georgia y se gradu\u00f3 de la Facultad de Derecho de la Universidad Estatal de Georgia en 1999. Ha representado a trabajadores lesionados con todo tipo de lesiones defendiendo la protecci\u00f3n de sus derechos y es conocida por ser una abogada agresiva, frecuentemente llamada \u00abpitbull con l\u00e1piz labial\u00bb.<\/p>\n","protected":false},"author":1,"featured_media":6733,"parent":0,"menu_order":0,"comment_status":"closed","ping_status":"closed","template":"","meta":{"footnotes":""},"class_list":["post-6730","page","type-page","status-publish","has-post-thumbnail","hentry"],"_links":{"self":[{"href":"https:\/\/rohanlawpc.com\/es\/wp-json\/wp\/v2\/pages\/6730","targetHints":{"allow":["GET"]}}],"collection":[{"href":"https:\/\/rohanlawpc.com\/es\/wp-json\/wp\/v2\/pages"}],"about":[{"href":"https:\/\/rohanlawpc.com\/es\/wp-json\/wp\/v2\/types\/page"}],"author":[{"embeddable":true,"href":"https:\/\/rohanlawpc.com\/es\/wp-json\/wp\/v2\/users\/1"}],"replies":[{"embeddable":true,"href":"https:\/\/rohanlawpc.com\/es\/wp-json\/wp\/v2\/comments?post=6730"}],"version-history":[{"count":1,"href":"https:\/\/rohanlawpc.com\/es\/wp-json\/wp\/v2\/pages\/6730\/revisions"}],"predecessor-version":[{"id":6736,"href":"https:\/\/rohanlawpc.com\/es\/wp-json\/wp\/v2\/pages\/6730\/revisions\/6736"}],"wp:featuredmedia":[{"embeddable":true,"href":"https:\/\/rohanlawpc.com\/es\/wp-json\/wp\/v2\/media\/6733"}],"wp:attachment":[{"href":"https:\/\/rohanlawpc.com\/es\/wp-json\/wp\/v2\/media?parent=6730"}],"curies":[{"name":"wp","href":"https:\/\/api.w.org\/{rel}","templated":true}]}}